
{"id":275,"date":"2018-12-13T09:36:08","date_gmt":"2018-12-13T09:36:08","guid":{"rendered":"https:\/\/www.stage.chocelise.be\/juridische-informatie\/"},"modified":"2018-12-13T09:57:35","modified_gmt":"2018-12-13T09:57:35","slug":"mentions-legales","status":"publish","type":"page","link":"https:\/\/www.chocelise.be\/fr\/mentions-legales\/","title":{"rendered":"Mentions l\u00e9gales"},"content":{"rendered":"[vc_row type=&#8221;in_container&#8221; full_screen_row_position=&#8221;middle&#8221; scene_position=&#8221;center&#8221; text_color=&#8221;dark&#8221; text_align=&#8221;left&#8221; overlay_strength=&#8221;0.3&#8243;][vc_column column_padding=&#8221;no-extra-padding&#8221; column_padding_position=&#8221;all&#8221; background_color_opacity=&#8221;1&#8243; background_hover_color_opacity=&#8221;1&#8243; column_shadow=&#8221;none&#8221; width=&#8221;1\/4&#8243; tablet_text_alignment=&#8221;default&#8221; phone_text_alignment=&#8221;default&#8221; column_border_width=&#8221;none&#8221; column_border_style=&#8221;solid&#8221;][\/vc_column][vc_column column_padding=&#8221;no-extra-padding&#8221; column_padding_position=&#8221;all&#8221; background_color_opacity=&#8221;1&#8243; background_hover_color_opacity=&#8221;1&#8243; column_shadow=&#8221;none&#8221; width=&#8221;3\/4&#8243; tablet_text_alignment=&#8221;default&#8221; phone_text_alignment=&#8221;default&#8221; column_border_width=&#8221;none&#8221; column_border_style=&#8221;solid&#8221;][vc_column_text]\n<h1>Mentions l\u00e9gales et conditions d\u2019utilisation<\/h1>\n<p><span style=\"font-weight: 400;\">En vous connectant ou en utilisant notre site internet, vous reconnaissez avoir lu, compris, et accept\u00e9, sans limitation ni r\u00e9serve, les pr\u00e9sentes conditions g\u00e9n\u00e9rales d\u2019utilisation et notre charte sur la protection des donn\u00e9es \u00e0 caract\u00e8re personnel.<\/span><\/p>\n<h1><\/h1>\n<h3>1 \u00c9diteur responsable et identit\u00e9<\/h3>\n<p><span style=\"font-weight: 400;\">L&#8217;\u00e9diteur responsable du site \u00a0<\/span><span style=\"font-weight: 400;\">www.stage.chocelise.be<\/span><span style=\"font-weight: 400;\"> \u00a0est \u00a0<\/span><span style=\"font-weight: 400;\">Servotte , \u00a0Yves<\/span><span style=\"font-weight: 400;\">, <\/span><span style=\"font-weight: 400;\">G\u00e9rant<\/span><b>, <\/b><span style=\"font-weight: 400;\">Confiserie Elise<\/span><b> &#8211; <\/b><span style=\"font-weight: 400;\">Kluizenhof(SGW) 13, 9170 Sint-Gillis-Waas <\/span><span style=\"font-weight: 400;\">.<\/span><\/p>\n<p><b>Soci\u00e9t\u00e9 \u00e9ditrice du site internet :<\/b><\/p>\n<p><span style=\"font-weight: 400;\">Confiserie Elise<\/span><\/p>\n<p><span style=\"font-weight: 400;\">Si\u00e8ge social : <\/span><span style=\"font-weight: 400;\">Kluizenhof(SGW) 13, 9170 Sint-Gillis-Waas <\/span><\/p>\n<p><span style=\"font-weight: 400;\">Type de soci\u00e9t\u00e9-forme sociale : <\/span><b>\u00a0<\/b><span style=\"font-weight: 400;\">Soci\u00e9t\u00e9 priv\u00e9e \u00e0 responsabilit\u00e9 limit\u00e9e <\/span><\/p>\n<p><span style=\"font-weight: 400;\">Num\u00e9ro T.V.A.: <\/span><b>\u00a0<\/b><span style=\"font-weight: 400;\">BE0404.085.766<\/span><\/p>\n<p><span style=\"font-weight: 400;\">E-mail : <\/span><b>\u00a0<\/b><span style=\"font-weight: 400;\">info@stage.chocelise.be<\/span><\/p>\n<p><span style=\"font-weight: 400;\">T\u00e9l\u00e9phone : <\/span><b>\u00a0<\/b><span style=\"font-weight: 400;\">+32 3 707 04 90<\/span><\/p>\n<p><b>Conception technique du site Internet :<\/b><\/p>\n<p><span style=\"font-weight: 400;\">H\u00e9bergement, d\u00e9veloppement et R\u00e9alisation du site Internet :<\/span><\/p>\n<p><span style=\"font-weight: 400;\">Victoria Agency<\/span><span style=\"font-weight: 400;\"><br \/>\n<\/span><span style=\"font-weight: 400;\">T\u00e9l\u00e9phone: \u00a0+ 32 (0) 2 652 21 74<\/span><span style=\"font-weight: 400;\"><br \/>\n<\/span><span style=\"font-weight: 400;\">Si\u00e8ge social : 16D, Route de Genval, 1380 Ohain.<\/span><\/p>\n<p><span style=\"font-weight: 400;\">Num\u00e9ro T.V.A.: \u00a0BE0827040014<\/span><\/p>\n<h3>2. Informations g\u00e9n\u00e9rales<\/h3>\n<p><span style=\"font-weight: 400;\">Confiserie Elise<\/span><span style=\"font-weight: 400;\"> a mis en ligne ce site internet afin de vous pr\u00e9senter ses activit\u00e9s. Les informations sont fournies dans le cadre d\u2019une information g\u00e9n\u00e9rale, sans garantie d&#8217;ad\u00e9quation \u00e0 un besoin particulier d&#8217;utilisation. <\/span><span style=\"font-weight: 400;\">Confiserie Elise<\/span><span style=\"font-weight: 400;\"> peut les modifier ou les mettre \u00e0 jour, \u00a0\u00e0 tout moment et sans pr\u00e9avis. <\/span><\/p>\n<h3>3. Propri\u00e9t\u00e9 intellectuelle<\/h3>\n<ol>\n<li style=\"font-weight: 400;\"><span style=\"font-weight: 400;\">Toutes les illutrations et tous les supports (photos, vid\u00e9os, logos, textes, documents pdf,\u2026) pr\u00e9sents sur le site ainsi que tous les \u00e9l\u00e9ments cr\u00e9\u00e9s pour le site internet et sa structure g\u00e9n\u00e9rale sont la propri\u00e9t\u00e9 de l\u2019entreprise et ne peuvent \u00eatre copi\u00e9s, reproduits ou stock\u00e9s de toute autre mani\u00e8re, ni \u00e0 toute fin autre que celle inh\u00e9rente \u00e0 la consultation en ligne de la page. Ces informations, documents ou \u00e9l\u00e9ments sont soumis aux lois prot\u00e9geant le droit d&#8217;auteur d\u00e8s lors qu&#8217;elles sont mises \u00e0 la disposition du public sur ce site internet. La reproduction des documents du site internet est autoris\u00e9e \u00e0 des fins exclusives d&#8217;information pour un usage personnel et priv\u00e9. Toute reproduction et toute utilisation de copie r\u00e9alis\u00e9e \u00e0 d&#8217;autres fins est express\u00e9ment interdite et soumise \u00e0 l&#8217;autorisation pr\u00e9alable et expresse de <\/span><span style=\"font-weight: 400;\">Confiserie Elise<\/span><span style=\"font-weight: 400;\">. Dans tous les cas, la reproduction autoris\u00e9e des informations contenues dans ce site internet devra indiquer la source et la mention de propri\u00e9t\u00e9 ad\u00e9quates.<\/span><\/li>\n<li style=\"font-weight: 400;\"><span style=\"font-weight: 400;\">Les \u00e9ventuelles bases de donn\u00e9es pr\u00e9sents sur ce site sont la propri\u00e9t\u00e9 de <\/span><span style=\"font-weight: 400;\">Confiserie Elise<\/span><span style=\"font-weight: 400;\">. Il vous est interdit d\u2019extraire ou de r\u00e9utiliser une partie qualitativement ou quantitativement substantielle des bases de donn\u00e9es y compris \u00e0 des fins priv\u00e9es.<\/span><\/li>\n<\/ol>\n<h3>4. Utilisation et engagement<\/h3>\n<h1><\/h1>\n<ol>\n<li style=\"font-weight: 400;\"><span style=\"font-weight: 400;\">Chaque visiteur et utilisateur du site internet <\/span><span style=\"font-weight: 400;\">www.stage.chocelise.be<\/span><span style=\"font-weight: 400;\"> qui fournit des informations consent \u00e0 <\/span><span style=\"font-weight: 400;\">Confiserie Elise<\/span> <span style=\"font-weight: 400;\">l&#8217;int\u00e9gralit\u00e9 des droits transf\u00e9rables relatifs \u00e0 cette information et autorise \u00e0 en faire usage. Les informations ainsi fournies par les visiteurs seront consid\u00e9r\u00e9es comme non confidentielles. Toutefois, lorsque les informations fournies sont des donn\u00e9es personnelles elles sont trait\u00e9es conform\u00e9ment au respect des lois et \u00e0 la charte sur la protection des donn\u00e9es \u00e0 caract\u00e8re personnel applicable sur ce site internet.<\/span><\/li>\n<\/ol>\n<h3><span style=\"font-weight: 400;\">5. Liens hypertextes<\/span><\/h3>\n<ol>\n<li style=\"font-weight: 400;\"><span style=\"font-weight: 400;\">Confiserie Elise<\/span><span style=\"font-weight: 400;\"> d\u00e9cline formellement toutes responsabilit\u00e9s quant aux contenus des sites vers lesquels elle pointe des liens. Ces liens sont propos\u00e9s aux utilisateurs de ce site internet. Veuillez consulter les conditions g\u00e9n\u00e9rales et la charte sur la protection des donn\u00e9es \u00e0 caract\u00e8re personnel de ces sites afin de comprendre leurs pratiques. La d\u00e9cision d&#8217;activer les liens appartient exclusivement aux utilisateurs du site internet. <\/span><span style=\"font-weight: 400;\">Confiserie Elise<\/span><span style=\"font-weight: 400;\"> peut modifier ou supprimer un lien sur son site internet \u00e0 tout moment.<\/span><\/li>\n<li style=\"font-weight: 400;\"><span style=\"font-weight: 400;\">Si vous souhaitez cr\u00e9er un lien vers ce site, vous devez de pr\u00e9f\u00e9rence le faire \u00e0 partir de la page d&#8217;accueil <\/span><span style=\"font-weight: 400;\">www.stage.chocelise.be<\/span> <span style=\"font-weight: 400;\">et la mentionner. Si vous d\u00e9sirez mentionner une information sp\u00e9cifique, vous devez pour chaque hyperlien mentionner le contenu qui est li\u00e9 et la source du lien. Les informations peuvent \u00eatre utilis\u00e9es \u00e0 des usages et des fins personnelles ou priv\u00e9es. Les utilisations commerciales ou publicitaires sont exclues. Nous n\u2019autorisons pas les sites Internet qui diffusent des informations \u00e0 caract\u00e8re pol\u00e9mique, pornographique, x\u00e9nophobe ou qui peuvent heurter ou blesser la sensibilit\u00e9 du plus grand nombre \u00e0 mentionner ou \u00e0 ins\u00e9rer des hyperliens conduisant \u00e0 notre site.<\/span><\/li>\n<\/ol>\n<h3>6.Responsabilit\u00e9 et mises en garde<\/h3>\n<ol>\n<li style=\"font-weight: 400;\"><span style=\"font-weight: 400;\">Les informations disponibles sur ce site internet sont cens\u00e9es \u00eatre correctes au moment o\u00f9 elles sont publi\u00e9es sur le site. Toutefois, <\/span><span style=\"font-weight: 400;\">Confiserie Elise<\/span><span style=\"font-weight: 400;\"> ne garantit pas l&#8217;exactitude de ces Informations. Vous assumez pleinement les risques li\u00e9s au cr\u00e9dit que vous leur accordez.<\/span><\/li>\n<li style=\"font-weight: 400;\"><span style=\"font-weight: 400;\">La Soci\u00e9t\u00e9 ne garantit pas, sans que cette liste soit exhaustive, que le site internet fonctionne sans interruption et que les serveurs qui y donnent acc\u00e8s et\/ou les sites tiers pour lesquels apparaissent des liens hypertextes ne contiennent pas de virus.<\/span><\/li>\n<\/ol>\n<h3>7. Mises \u00e0 jour des mentions l\u00e9gales et des conditions d\u2019utilisation<\/h3>\n<p><span style=\"font-weight: 400;\">Confiserie Elise<\/span><span style=\"font-weight: 400;\"> peut proc\u00e9der \u00e0 la mise \u00e0 jour de ces conditions d&#8217;utilisation \u00e0 tout moment. En cons\u00e9quence, vous \u00eates invit\u00e9s \u00e0 vous r\u00e9f\u00e9rer r\u00e9guli\u00e8rement aux derni\u00e8res conditions d&#8217;utilisation en vigueur.<\/span><\/p>\n<h3>8. L\u00e9gislation applicable et tribunaux comp\u00e9tents<\/h3>\n<p><span style=\"font-weight: 400;\">Le droit belge s&#8217;applique \u00e0 ce site Internet. Seuls les tribunaux de l&#8217;arrondissement judiciaire de Bruxelles seront comp\u00e9tents en cas de litige relatifs au site <\/span><span style=\"font-weight: 400;\">www.stage.chocelise.be<\/span><span style=\"font-weight: 400;\"> ou \u00e0 son utilisation.<\/span><\/p>\n<h3>9. Contact<\/h3>\n<p><span style=\"font-weight: 400;\">Pour toute question relative aux conditions d\u2019utilisation du site internet, veuillez nous contacter par email via le <\/span><b><a href=\"https:\/\/www.chocelise.be\/\/fr\/contact\/\">formulaire de contact<\/a>,<\/b><span style=\"font-weight: 400;\"> par t\u00e9l\u00e9phone au <\/span><span style=\"font-weight: 400;\">+32 3 707 04 90<\/span> <span style=\"font-weight: 400;\">\u00a0ou par courrier postal \u00e0 l\u2019adresse suivante :<\/span><\/p>\n<p><span style=\"font-weight: 400;\">Confiserie Elise<\/span><\/p>\n<p><span style=\"font-weight: 400;\">Kluizenhof(SGW) 13, 9170 Sint-Gillis-Waas <\/span><\/p>\n<p>&nbsp;<\/p>\n<p><span style=\"font-weight: 400;\">Les droits d&#8217;auteur sur les \u00e9l\u00e9ments du site \u00a0<\/span><span style=\"font-weight: 400;\">www.stage.chocelise.be<\/span><span style=\"font-weight: 400;\"> sont la propri\u00e9t\u00e9 du cr\u00e9ateur initial.<\/span>[\/vc_column_text][\/vc_column][\/vc_row]\n","protected":false},"excerpt":{"rendered":"<p>[vc_row type=&#8221;in_container&#8221; full_screen_row_position=&#8221;middle&#8221; scene_position=&#8221;center&#8221; text_color=&#8221;dark&#8221; text_align=&#8221;left&#8221; overlay_strength=&#8221;0.3&#8243;][vc_column column_padding=&#8221;no-extra-padding&#8221; column_padding_position=&#8221;all&#8221; background_color_opacity=&#8221;1&#8243; background_hover_color_opacity=&#8221;1&#8243; column_shadow=&#8221;none&#8221; width=&#8221;1\/4&#8243; tablet_text_alignment=&#8221;default&#8221; phone_text_alignment=&#8221;default&#8221; column_border_width=&#8221;none&#8221; column_border_style=&#8221;solid&#8221;][\/vc_column][vc_column column_padding=&#8221;no-extra-padding&#8221; column_padding_position=&#8221;all&#8221; background_color_opacity=&#8221;1&#8243; background_hover_color_opacity=&#8221;1&#8243; column_shadow=&#8221;none&#8221; width=&#8221;3\/4&#8243; tablet_text_alignment=&#8221;default&#8221; phone_text_alignment=&#8221;default&#8221; column_border_width=&#8221;none&#8221; column_border_style=&#8221;solid&#8221;][vc_column_text] Mentions l\u00e9gales et&#8230;<\/p>\n","protected":false},"author":8,"featured_media":0,"parent":0,"menu_order":0,"comment_status":"closed","ping_status":"closed","template":"","meta":{"footnotes":""},"class_list":["post-275","page","type-page","status-publish"],"yoast_head":"<!-- This site is optimized with the Yoast SEO plugin v26.1.1 - https:\/\/yoast.com\/wordpress\/plugins\/seo\/ -->\n<title>Mentions l\u00e9gales - Confiserie Elise<\/title>\n<meta name=\"robots\" content=\"index, follow, max-snippet:-1, max-image-preview:large, max-video-preview:-1\" \/>\n<link rel=\"canonical\" href=\"https:\/\/www.chocelise.be\/fr\/mentions-legales\/\" \/>\n<meta property=\"og:locale\" content=\"fr_FR\" \/>\n<meta property=\"og:type\" content=\"article\" \/>\n<meta property=\"og:title\" content=\"Mentions l\u00e9gales - Confiserie Elise\" \/>\n<meta property=\"og:description\" content=\"[vc_row type=&#8221;in_container&#8221; full_screen_row_position=&#8221;middle&#8221; scene_position=&#8221;center&#8221; text_color=&#8221;dark&#8221; text_align=&#8221;left&#8221; overlay_strength=&#8221;0.3&#8243;][vc_column column_padding=&#8221;no-extra-padding&#8221; column_padding_position=&#8221;all&#8221; background_color_opacity=&#8221;1&#8243; background_hover_color_opacity=&#8221;1&#8243; column_shadow=&#8221;none&#8221; width=&#8221;1\/4&#8243; tablet_text_alignment=&#8221;default&#8221; phone_text_alignment=&#8221;default&#8221; column_border_width=&#8221;none&#8221; column_border_style=&#8221;solid&#8221;][\/vc_column][vc_column column_padding=&#8221;no-extra-padding&#8221; column_padding_position=&#8221;all&#8221; background_color_opacity=&#8221;1&#8243; background_hover_color_opacity=&#8221;1&#8243; column_shadow=&#8221;none&#8221; width=&#8221;3\/4&#8243; tablet_text_alignment=&#8221;default&#8221; phone_text_alignment=&#8221;default&#8221; column_border_width=&#8221;none&#8221; column_border_style=&#8221;solid&#8221;][vc_column_text] Mentions l\u00e9gales et...\" \/>\n<meta property=\"og:url\" content=\"https:\/\/www.chocelise.be\/fr\/mentions-legales\/\" \/>\n<meta property=\"og:site_name\" content=\"Confiserie Elise\" \/>\n<meta property=\"article:publisher\" content=\"https:\/\/fr-fr.facebook.com\/Confiserie-elise-162127390633351\/\" \/>\n<meta property=\"article:modified_time\" content=\"2018-12-13T09:57:35+00:00\" \/>\n<meta name=\"twitter:card\" content=\"summary_large_image\" \/>\n<meta name=\"twitter:label1\" content=\"Dur\u00e9e de lecture estim\u00e9e\" \/>\n\t<meta name=\"twitter:data1\" content=\"5 minutes\" \/>\n<script type=\"application\/ld+json\" class=\"yoast-schema-graph\">{\"@context\":\"https:\/\/schema.org\",\"@graph\":[{\"@type\":\"WebPage\",\"@id\":\"https:\/\/www.chocelise.be\/fr\/mentions-legales\/\",\"url\":\"https:\/\/www.chocelise.be\/fr\/mentions-legales\/\",\"name\":\"Mentions l\u00e9gales - Confiserie Elise\",\"isPartOf\":{\"@id\":\"https:\/\/www.chocelise.be\/fr\/#website\"},\"datePublished\":\"2018-12-13T09:36:08+00:00\",\"dateModified\":\"2018-12-13T09:57:35+00:00\",\"breadcrumb\":{\"@id\":\"https:\/\/www.chocelise.be\/fr\/mentions-legales\/#breadcrumb\"},\"inLanguage\":\"fr-FR\",\"potentialAction\":[{\"@type\":\"ReadAction\",\"target\":[\"https:\/\/www.chocelise.be\/fr\/mentions-legales\/\"]}]},{\"@type\":\"BreadcrumbList\",\"@id\":\"https:\/\/www.chocelise.be\/fr\/mentions-legales\/#breadcrumb\",\"itemListElement\":[{\"@type\":\"ListItem\",\"position\":1,\"name\":\"Home\",\"item\":\"https:\/\/www.chocelise.be\/fr\/\"},{\"@type\":\"ListItem\",\"position\":2,\"name\":\"Mentions l\u00e9gales\"}]},{\"@type\":\"WebSite\",\"@id\":\"https:\/\/www.chocelise.be\/fr\/#website\",\"url\":\"https:\/\/www.chocelise.be\/fr\/\",\"name\":\"Confiserie Elise\",\"description\":\"Charming Chocolates\",\"publisher\":{\"@id\":\"https:\/\/www.chocelise.be\/fr\/#organization\"},\"potentialAction\":[{\"@type\":\"SearchAction\",\"target\":{\"@type\":\"EntryPoint\",\"urlTemplate\":\"https:\/\/www.chocelise.be\/fr\/?s={search_term_string}\"},\"query-input\":{\"@type\":\"PropertyValueSpecification\",\"valueRequired\":true,\"valueName\":\"search_term_string\"}}],\"inLanguage\":\"fr-FR\"},{\"@type\":\"Organization\",\"@id\":\"https:\/\/www.chocelise.be\/fr\/#organization\",\"name\":\"Confiserie Elise\",\"url\":\"https:\/\/www.chocelise.be\/fr\/\",\"logo\":{\"@type\":\"ImageObject\",\"inLanguage\":\"fr-FR\",\"@id\":\"https:\/\/www.chocelise.be\/fr\/#\/schema\/logo\/image\/\",\"url\":\"https:\/\/www.chocelise.be\/wp-content\/uploads\/2017\/04\/logo-colour-01.svg\",\"contentUrl\":\"https:\/\/www.chocelise.be\/wp-content\/uploads\/2017\/04\/logo-colour-01.svg\",\"width\":149.3,\"height\":50,\"caption\":\"Confiserie Elise\"},\"image\":{\"@id\":\"https:\/\/www.chocelise.be\/fr\/#\/schema\/logo\/image\/\"},\"sameAs\":[\"https:\/\/fr-fr.facebook.com\/Confiserie-elise-162127390633351\/\",\"https:\/\/be.linkedin.com\/in\/yvesservotte\"]}]}<\/script>\n<!-- \/ Yoast SEO plugin. -->","yoast_head_json":{"title":"Mentions l\u00e9gales - Confiserie Elise","robots":{"index":"index","follow":"follow","max-snippet":"max-snippet:-1","max-image-preview":"max-image-preview:large","max-video-preview":"max-video-preview:-1"},"canonical":"https:\/\/www.chocelise.be\/fr\/mentions-legales\/","og_locale":"fr_FR","og_type":"article","og_title":"Mentions l\u00e9gales - Confiserie Elise","og_description":"[vc_row type=&#8221;in_container&#8221; full_screen_row_position=&#8221;middle&#8221; scene_position=&#8221;center&#8221; text_color=&#8221;dark&#8221; text_align=&#8221;left&#8221; overlay_strength=&#8221;0.3&#8243;][vc_column column_padding=&#8221;no-extra-padding&#8221; column_padding_position=&#8221;all&#8221; background_color_opacity=&#8221;1&#8243; background_hover_color_opacity=&#8221;1&#8243; column_shadow=&#8221;none&#8221; width=&#8221;1\/4&#8243; tablet_text_alignment=&#8221;default&#8221; phone_text_alignment=&#8221;default&#8221; column_border_width=&#8221;none&#8221; column_border_style=&#8221;solid&#8221;][\/vc_column][vc_column column_padding=&#8221;no-extra-padding&#8221; column_padding_position=&#8221;all&#8221; background_color_opacity=&#8221;1&#8243; background_hover_color_opacity=&#8221;1&#8243; column_shadow=&#8221;none&#8221; width=&#8221;3\/4&#8243; tablet_text_alignment=&#8221;default&#8221; phone_text_alignment=&#8221;default&#8221; column_border_width=&#8221;none&#8221; column_border_style=&#8221;solid&#8221;][vc_column_text] Mentions l\u00e9gales et...","og_url":"https:\/\/www.chocelise.be\/fr\/mentions-legales\/","og_site_name":"Confiserie Elise","article_publisher":"https:\/\/fr-fr.facebook.com\/Confiserie-elise-162127390633351\/","article_modified_time":"2018-12-13T09:57:35+00:00","twitter_card":"summary_large_image","twitter_misc":{"Dur\u00e9e de lecture estim\u00e9e":"5 minutes"},"schema":{"@context":"https:\/\/schema.org","@graph":[{"@type":"WebPage","@id":"https:\/\/www.chocelise.be\/fr\/mentions-legales\/","url":"https:\/\/www.chocelise.be\/fr\/mentions-legales\/","name":"Mentions l\u00e9gales - Confiserie Elise","isPartOf":{"@id":"https:\/\/www.chocelise.be\/fr\/#website"},"datePublished":"2018-12-13T09:36:08+00:00","dateModified":"2018-12-13T09:57:35+00:00","breadcrumb":{"@id":"https:\/\/www.chocelise.be\/fr\/mentions-legales\/#breadcrumb"},"inLanguage":"fr-FR","potentialAction":[{"@type":"ReadAction","target":["https:\/\/www.chocelise.be\/fr\/mentions-legales\/"]}]},{"@type":"BreadcrumbList","@id":"https:\/\/www.chocelise.be\/fr\/mentions-legales\/#breadcrumb","itemListElement":[{"@type":"ListItem","position":1,"name":"Home","item":"https:\/\/www.chocelise.be\/fr\/"},{"@type":"ListItem","position":2,"name":"Mentions l\u00e9gales"}]},{"@type":"WebSite","@id":"https:\/\/www.chocelise.be\/fr\/#website","url":"https:\/\/www.chocelise.be\/fr\/","name":"Confiserie Elise","description":"Charming Chocolates","publisher":{"@id":"https:\/\/www.chocelise.be\/fr\/#organization"},"potentialAction":[{"@type":"SearchAction","target":{"@type":"EntryPoint","urlTemplate":"https:\/\/www.chocelise.be\/fr\/?s={search_term_string}"},"query-input":{"@type":"PropertyValueSpecification","valueRequired":true,"valueName":"search_term_string"}}],"inLanguage":"fr-FR"},{"@type":"Organization","@id":"https:\/\/www.chocelise.be\/fr\/#organization","name":"Confiserie Elise","url":"https:\/\/www.chocelise.be\/fr\/","logo":{"@type":"ImageObject","inLanguage":"fr-FR","@id":"https:\/\/www.chocelise.be\/fr\/#\/schema\/logo\/image\/","url":"https:\/\/www.chocelise.be\/wp-content\/uploads\/2017\/04\/logo-colour-01.svg","contentUrl":"https:\/\/www.chocelise.be\/wp-content\/uploads\/2017\/04\/logo-colour-01.svg","width":149.3,"height":50,"caption":"Confiserie Elise"},"image":{"@id":"https:\/\/www.chocelise.be\/fr\/#\/schema\/logo\/image\/"},"sameAs":["https:\/\/fr-fr.facebook.com\/Confiserie-elise-162127390633351\/","https:\/\/be.linkedin.com\/in\/yvesservotte"]}]}},"_links":{"self":[{"href":"https:\/\/www.chocelise.be\/fr\/wp-json\/wp\/v2\/pages\/275","targetHints":{"allow":["GET"]}}],"collection":[{"href":"https:\/\/www.chocelise.be\/fr\/wp-json\/wp\/v2\/pages"}],"about":[{"href":"https:\/\/www.chocelise.be\/fr\/wp-json\/wp\/v2\/types\/page"}],"author":[{"embeddable":true,"href":"https:\/\/www.chocelise.be\/fr\/wp-json\/wp\/v2\/users\/8"}],"replies":[{"embeddable":true,"href":"https:\/\/www.chocelise.be\/fr\/wp-json\/wp\/v2\/comments?post=275"}],"version-history":[{"count":0,"href":"https:\/\/www.chocelise.be\/fr\/wp-json\/wp\/v2\/pages\/275\/revisions"}],"wp:attachment":[{"href":"https:\/\/www.chocelise.be\/fr\/wp-json\/wp\/v2\/media?parent=275"}],"curies":[{"name":"wp","href":"https:\/\/api.w.org\/{rel}","templated":true}]}}