
{"id":3989,"date":"2020-10-04T12:18:38","date_gmt":"2020-10-04T10:18:38","guid":{"rendered":"https:\/\/www.chocelise.be\/webshop\/"},"modified":"2020-11-23T10:58:51","modified_gmt":"2020-11-23T08:58:51","slug":"webshop","status":"publish","type":"page","link":"https:\/\/www.chocelise.be\/fr\/webshop\/","title":{"rendered":"boutique en ligne"},"content":{"rendered":"\t\t<div data-elementor-type=\"wp-page\" data-elementor-id=\"3989\" class=\"elementor elementor-3989 elementor-2703\">\n\t\t\t\t\t\t<div class=\"elementor-inner\">\n\t\t\t\t<div class=\"elementor-section-wrap\">\n\t\t\t\t\t\t\t\t\t<section class=\"elementor-section elementor-top-section elementor-element elementor-element-1f11b514 elementor-section-stretched elementor-section-height-min-height elementor-section-boxed elementor-section-height-default elementor-section-items-middle\" data-id=\"1f11b514\" data-element_type=\"section\" data-settings=\"{&quot;stretch_section&quot;:&quot;section-stretched&quot;,&quot;jet_parallax_layout_list&quot;:[{&quot;jet_parallax_layout_image&quot;:{&quot;url&quot;:&quot;&quot;,&quot;id&quot;:&quot;&quot;},&quot;_id&quot;:&quot;deb95f5&quot;,&quot;jet_parallax_layout_image_tablet&quot;:{&quot;url&quot;:&quot;&quot;,&quot;id&quot;:&quot;&quot;},&quot;jet_parallax_layout_image_mobile&quot;:{&quot;url&quot;:&quot;&quot;,&quot;id&quot;:&quot;&quot;},&quot;jet_parallax_layout_speed&quot;:{&quot;unit&quot;:&quot;%&quot;,&quot;size&quot;:50,&quot;sizes&quot;:[]},&quot;jet_parallax_layout_type&quot;:&quot;scroll&quot;,&quot;jet_parallax_layout_direction&quot;:null,&quot;jet_parallax_layout_fx_direction&quot;:null,&quot;jet_parallax_layout_z_index&quot;:&quot;&quot;,&quot;jet_parallax_layout_bg_x&quot;:50,&quot;jet_parallax_layout_bg_x_tablet&quot;:&quot;&quot;,&quot;jet_parallax_layout_bg_x_mobile&quot;:&quot;&quot;,&quot;jet_parallax_layout_bg_y&quot;:50,&quot;jet_parallax_layout_bg_y_tablet&quot;:&quot;&quot;,&quot;jet_parallax_layout_bg_y_mobile&quot;:&quot;&quot;,&quot;jet_parallax_layout_bg_size&quot;:&quot;auto&quot;,&quot;jet_parallax_layout_bg_size_tablet&quot;:&quot;&quot;,&quot;jet_parallax_layout_bg_size_mobile&quot;:&quot;&quot;,&quot;jet_parallax_layout_animation_prop&quot;:&quot;transform&quot;,&quot;jet_parallax_layout_on&quot;:[&quot;desktop&quot;,&quot;tablet&quot;]}],&quot;background_background&quot;:&quot;classic&quot;}\">\n\t\t\t\t\t\t\t<div class=\"elementor-background-overlay\"><\/div>\n\t\t\t\t\t\t\t<div class=\"elementor-container elementor-column-gap-default\">\n\t\t\t\t\t\t\t<div class=\"elementor-row\">\n\t\t\t\t\t<div class=\"elementor-column elementor-col-100 elementor-top-column elementor-element elementor-element-7ed58ffb\" data-id=\"7ed58ffb\" data-element_type=\"column\" data-settings=\"{&quot;background_background&quot;:&quot;classic&quot;}\">\n\t\t\t<div class=\"elementor-column-wrap elementor-element-populated\">\n\t\t\t\t\t\t\t<div class=\"elementor-widget-wrap\">\n\t\t\t\t\t\t<div class=\"elementor-element elementor-element-f595ee8 elementor-invisible elementor-widget elementor-widget-heading\" data-id=\"f595ee8\" data-element_type=\"widget\" data-settings=\"{&quot;_animation&quot;:&quot;fadeInUp&quot;}\" data-widget_type=\"heading.default\">\n\t\t\t\t<div class=\"elementor-widget-container\">\n\t\t\t<h2 class=\"elementor-heading-title elementor-size-default\">D\u00e9couvrez notre boutique en ligne<\/h2>\t\t<\/div>\n\t\t\t\t<\/div>\n\t\t\t\t<div class=\"elementor-element elementor-element-e239fb1 elementor-invisible elementor-widget elementor-widget-heading\" data-id=\"e239fb1\" data-element_type=\"widget\" data-settings=\"{&quot;_animation&quot;:&quot;fadeInUp&quot;}\" data-widget_type=\"heading.default\">\n\t\t\t\t<div class=\"elementor-widget-container\">\n\t\t\t<h2 class=\"elementor-heading-title elementor-size-default\">\u00ab Partager, c'est charmant \u00bb<\/h2>\t\t<\/div>\n\t\t\t\t<\/div>\n\t\t\t\t<div class=\"elementor-element elementor-element-ac7a507 elementor-widget-divider--view-line elementor-widget elementor-widget-divider\" data-id=\"ac7a507\" data-element_type=\"widget\" data-widget_type=\"divider.default\">\n\t\t\t\t<div class=\"elementor-widget-container\">\n\t\t\t\t\t<div class=\"elementor-divider\">\n\t\t\t<span class=\"elementor-divider-separator\">\n\t\t\t\t\t\t<\/span>\n\t\t<\/div>\n\t\t\t\t<\/div>\n\t\t\t\t<\/div>\n\t\t\t\t<section class=\"elementor-section elementor-inner-section elementor-element elementor-element-4dd8c2e elementor-section-boxed elementor-section-height-default elementor-section-height-default\" data-id=\"4dd8c2e\" data-element_type=\"section\" data-settings=\"{&quot;jet_parallax_layout_list&quot;:[{&quot;jet_parallax_layout_image&quot;:{&quot;url&quot;:&quot;&quot;,&quot;id&quot;:&quot;&quot;},&quot;_id&quot;:&quot;53fc8be&quot;,&quot;jet_parallax_layout_image_tablet&quot;:{&quot;url&quot;:&quot;&quot;,&quot;id&quot;:&quot;&quot;},&quot;jet_parallax_layout_image_mobile&quot;:{&quot;url&quot;:&quot;&quot;,&quot;id&quot;:&quot;&quot;},&quot;jet_parallax_layout_speed&quot;:{&quot;unit&quot;:&quot;%&quot;,&quot;size&quot;:50,&quot;sizes&quot;:[]},&quot;jet_parallax_layout_type&quot;:&quot;scroll&quot;,&quot;jet_parallax_layout_direction&quot;:null,&quot;jet_parallax_layout_fx_direction&quot;:null,&quot;jet_parallax_layout_z_index&quot;:&quot;&quot;,&quot;jet_parallax_layout_bg_x&quot;:50,&quot;jet_parallax_layout_bg_x_tablet&quot;:&quot;&quot;,&quot;jet_parallax_layout_bg_x_mobile&quot;:&quot;&quot;,&quot;jet_parallax_layout_bg_y&quot;:50,&quot;jet_parallax_layout_bg_y_tablet&quot;:&quot;&quot;,&quot;jet_parallax_layout_bg_y_mobile&quot;:&quot;&quot;,&quot;jet_parallax_layout_bg_size&quot;:&quot;auto&quot;,&quot;jet_parallax_layout_bg_size_tablet&quot;:&quot;&quot;,&quot;jet_parallax_layout_bg_size_mobile&quot;:&quot;&quot;,&quot;jet_parallax_layout_animation_prop&quot;:&quot;transform&quot;,&quot;jet_parallax_layout_on&quot;:[&quot;desktop&quot;,&quot;tablet&quot;]}]}\">\n\t\t\t\t\t\t<div class=\"elementor-container elementor-column-gap-default\">\n\t\t\t\t\t\t\t<div class=\"elementor-row\">\n\t\t\t\t\t<div class=\"elementor-column elementor-col-50 elementor-inner-column elementor-element elementor-element-47394db\" data-id=\"47394db\" data-element_type=\"column\">\n\t\t\t<div class=\"elementor-column-wrap elementor-element-populated\">\n\t\t\t\t\t\t\t<div class=\"elementor-widget-wrap\">\n\t\t\t\t\t\t<div class=\"elementor-element elementor-element-89d5b29 elementor-aspect-ratio-169 elementor-widget elementor-widget-video\" data-id=\"89d5b29\" data-element_type=\"widget\" data-settings=\"{&quot;video_type&quot;:&quot;hosted&quot;,&quot;autoplay&quot;:&quot;yes&quot;,&quot;play_on_mobile&quot;:&quot;yes&quot;,&quot;mute&quot;:&quot;yes&quot;,&quot;controls&quot;:&quot;yes&quot;,&quot;aspect_ratio&quot;:&quot;169&quot;}\" data-widget_type=\"video.default\">\n\t\t\t\t<div class=\"elementor-widget-container\">\n\t\t\t\t\t<div class=\"e-hosted-video elementor-wrapper elementor-fit-aspect-ratio elementor-open-inline\">\n\t\t\t\t\t<video class=\"elementor-video\" src=\"https:\/\/www.chocelise.be\/wp-content\/uploads\/2020\/09\/Animatie_Elise.mp4\" autoplay=\"\" controls=\"\" muted=\"muted\" playsinline=\"\" controlsList=\"nodownload\"><\/video>\n\t\t\t\t<\/div>\n\t\t\t\t<\/div>\n\t\t\t\t<\/div>\n\t\t\t\t\t\t<\/div>\n\t\t\t\t\t<\/div>\n\t\t<\/div>\n\t\t\t\t<div class=\"elementor-column elementor-col-50 elementor-inner-column elementor-element elementor-element-e7c845f\" data-id=\"e7c845f\" data-element_type=\"column\">\n\t\t\t<div class=\"elementor-column-wrap elementor-element-populated\">\n\t\t\t\t\t\t\t<div class=\"elementor-widget-wrap\">\n\t\t\t\t\t\t<div class=\"elementor-element elementor-element-aea5445 elementor-hidden-phone elementor-widget elementor-widget-image\" data-id=\"aea5445\" data-element_type=\"widget\" data-widget_type=\"image.default\">\n\t\t\t\t<div class=\"elementor-widget-container\">\n\t\t\t\t\t\t\t\t<div class=\"elementor-image\">\n\t\t\t\t\t\t\t\t\t\t\t\t<img loading=\"lazy\" decoding=\"async\" width=\"1024\" height=\"635\" src=\"https:\/\/www.chocelise.be\/wp-content\/uploads\/2020\/10\/boxQR-1024x635.png\" class=\"attachment-large size-large\" alt=\"\" srcset=\"https:\/\/www.chocelise.be\/wp-content\/uploads\/2020\/10\/boxQR-1024x635.png 1024w, https:\/\/www.chocelise.be\/wp-content\/uploads\/2020\/10\/boxQR-300x186.png 300w, https:\/\/www.chocelise.be\/wp-content\/uploads\/2020\/10\/boxQR-768x477.png 768w, https:\/\/www.chocelise.be\/wp-content\/uploads\/2020\/10\/boxQR-600x372.png 600w, https:\/\/www.chocelise.be\/wp-content\/uploads\/2020\/10\/boxQR.png 1033w\" sizes=\"auto, (max-width: 1024px) 100vw, 1024px\" \/>\t\t\t\t\t\t\t\t\t\t\t\t\t\t<\/div>\n\t\t\t\t\t\t<\/div>\n\t\t\t\t<\/div>\n\t\t\t\t\t\t<\/div>\n\t\t\t\t\t<\/div>\n\t\t<\/div>\n\t\t\t\t\t\t\t\t<\/div>\n\t\t\t\t\t<\/div>\n\t\t<\/section>\n\t\t\t\t<section class=\"elementor-section elementor-inner-section elementor-element elementor-element-150c301 elementor-section-boxed elementor-section-height-default elementor-section-height-default\" data-id=\"150c301\" data-element_type=\"section\" data-settings=\"{&quot;jet_parallax_layout_list&quot;:[{&quot;jet_parallax_layout_image&quot;:{&quot;url&quot;:&quot;&quot;,&quot;id&quot;:&quot;&quot;},&quot;_id&quot;:&quot;53fc8be&quot;,&quot;jet_parallax_layout_image_tablet&quot;:{&quot;url&quot;:&quot;&quot;,&quot;id&quot;:&quot;&quot;},&quot;jet_parallax_layout_image_mobile&quot;:{&quot;url&quot;:&quot;&quot;,&quot;id&quot;:&quot;&quot;},&quot;jet_parallax_layout_speed&quot;:{&quot;unit&quot;:&quot;%&quot;,&quot;size&quot;:50,&quot;sizes&quot;:[]},&quot;jet_parallax_layout_type&quot;:&quot;scroll&quot;,&quot;jet_parallax_layout_direction&quot;:null,&quot;jet_parallax_layout_fx_direction&quot;:null,&quot;jet_parallax_layout_z_index&quot;:&quot;&quot;,&quot;jet_parallax_layout_bg_x&quot;:50,&quot;jet_parallax_layout_bg_x_tablet&quot;:&quot;&quot;,&quot;jet_parallax_layout_bg_x_mobile&quot;:&quot;&quot;,&quot;jet_parallax_layout_bg_y&quot;:50,&quot;jet_parallax_layout_bg_y_tablet&quot;:&quot;&quot;,&quot;jet_parallax_layout_bg_y_mobile&quot;:&quot;&quot;,&quot;jet_parallax_layout_bg_size&quot;:&quot;auto&quot;,&quot;jet_parallax_layout_bg_size_tablet&quot;:&quot;&quot;,&quot;jet_parallax_layout_bg_size_mobile&quot;:&quot;&quot;,&quot;jet_parallax_layout_animation_prop&quot;:&quot;transform&quot;,&quot;jet_parallax_layout_on&quot;:[&quot;desktop&quot;,&quot;tablet&quot;]}]}\">\n\t\t\t\t\t\t<div class=\"elementor-container elementor-column-gap-default\">\n\t\t\t\t\t\t\t<div class=\"elementor-row\">\n\t\t\t\t\t<div class=\"elementor-column elementor-col-100 elementor-inner-column elementor-element elementor-element-7104fd1\" data-id=\"7104fd1\" data-element_type=\"column\">\n\t\t\t<div class=\"elementor-column-wrap elementor-element-populated\">\n\t\t\t\t\t\t\t<div class=\"elementor-widget-wrap\">\n\t\t\t\t\t\t<div class=\"elementor-element elementor-element-def91a9 elementor-invisible elementor-widget elementor-widget-heading\" data-id=\"def91a9\" data-element_type=\"widget\" data-settings=\"{&quot;_animation&quot;:&quot;fadeInUp&quot;}\" data-widget_type=\"heading.default\">\n\t\t\t\t<div class=\"elementor-widget-container\">\n\t\t\t<h3 class=\"elementor-heading-title elementor-size-default\">.... Vous partagez .... Nous partageons .... avec la bo\u00eete de partage.<\/h3>\t\t<\/div>\n\t\t\t\t<\/div>\n\t\t\t\t<div class=\"elementor-element elementor-element-e5da503 elementor-widget elementor-widget-jet-unfold\" data-id=\"e5da503\" data-element_type=\"widget\" data-settings=\"{&quot;mask_height&quot;:{&quot;unit&quot;:&quot;px&quot;,&quot;size&quot;:50,&quot;sizes&quot;:[]},&quot;mask_height_tablet&quot;:{&quot;unit&quot;:&quot;px&quot;,&quot;size&quot;:&quot;&quot;,&quot;sizes&quot;:[]},&quot;mask_height_mobile&quot;:{&quot;unit&quot;:&quot;px&quot;,&quot;size&quot;:&quot;&quot;,&quot;sizes&quot;:[]},&quot;unfold_duration&quot;:{&quot;unit&quot;:&quot;ms&quot;,&quot;size&quot;:500,&quot;sizes&quot;:[]},&quot;unfold_easing&quot;:&quot;easeOutBack&quot;,&quot;fold_duration&quot;:{&quot;unit&quot;:&quot;ms&quot;,&quot;size&quot;:300,&quot;sizes&quot;:[]},&quot;fold_easing&quot;:&quot;easeOutSine&quot;}\" data-widget_type=\"jet-unfold.default\">\n\t\t\t\t<div class=\"elementor-widget-container\">\n\t\t\t\t\t<div class=\"jet-unfold \" data-settings=\"{&quot;height&quot;:{&quot;size&quot;:50,&quot;unit&quot;:&quot;px&quot;},&quot;separatorHeight&quot;:{&quot;unit&quot;:&quot;px&quot;,&quot;size&quot;:&quot;&quot;,&quot;sizes&quot;:[]},&quot;unfoldDuration&quot;:{&quot;unit&quot;:&quot;ms&quot;,&quot;size&quot;:500,&quot;sizes&quot;:[]},&quot;foldDuration&quot;:{&quot;unit&quot;:&quot;ms&quot;,&quot;size&quot;:300,&quot;sizes&quot;:[]},&quot;unfoldEasing&quot;:&quot;easeOutBack&quot;,&quot;foldEasing&quot;:&quot;easeOutSine&quot;,&quot;foldScrolling&quot;:&quot;false&quot;,&quot;hideOutsideClick&quot;:&quot;false&quot;,&quot;autoHide&quot;:&quot;false&quot;,&quot;autoHideTime&quot;:&quot;&quot;,&quot;foldScrollOffset&quot;:&quot;&quot;}\">\n\t\t\t<div class=\"jet-unfold__inner\">\n\t\t\t\t<div class=\"jet-unfold__mask\">\n\t\t\t\t\t<div class=\"jet-unfold__content\">\n\t\t\t\t\t\t<div class=\"jet-unfold__content-inner elementor-text-editor elementor-clearfix\"><p>Le principe est simple. Vous choisissez directement chez nous, <strong>producteur artisanal<\/strong>, une bo\u00eete de kg de chocolat belge fin.<\/p>\n<p>Vous recevez une bo\u00eete de pralines vide et pli\u00e9e et une carte QR \u00ab intelligente \u00bb.<br \/>\nUne <strong> \u00ab bo\u00eete sur une bo\u00eete \u00bb<\/strong> en quelque sorte.<\/p>\n<p>Cette bo\u00eete de pralines vide peut \u00eatre remplie &#8211; sans aucune obligation &#8211; avec une quantit\u00e9 de chocolat de votre choix et vous pouvez la remettre <strong> ou l&#8217;envoyer<\/strong> \u00e0 un voisin\/amoureux du bon chocolat, avec <strong>la carte QR \u00ab intelligente \u00bb.<\/strong>.<\/p>\n<p>Vous partagez, en quelque sorte, votre bo\u00eete de chocolat avec d&#8217;autres. Pour chaque kg de bo\u00eete que vous partagez, nous partageons automatiquement une partie de notre b\u00e9n\u00e9fice <strong>(0,5\u20ac \/ KG)<\/strong> avec le cultivateur de cacao <strong> en C\u00f4te d&#8217;Ivoire<\/strong>.<\/p>\n<\/div>\n\t\t\t\t\t<\/div>\n\t\t\t\t\t<div class=\"jet-unfold__separator\"><\/div>\n\t\t\t\t<\/div>\n\t\t\t\t<div class=\"jet-unfold__trigger\"><div class=\"jet-unfold__button elementor-button elementor-size-md\" href=\"#\" data-unfold-text=\"Lire la suite\" data-fold-text=\"Masquer\" data-fold-icon=\"&lt;i aria-hidden=&quot;true&quot; class=&quot;fas fa-chevron-up&quot;&gt;&lt;\/i&gt;\" data-unfold-icon=\"&lt;i aria-hidden=&quot;true&quot; class=&quot;fas fa-chevron-down&quot;&gt;&lt;\/i&gt;\" tabindex=\"0\" role=\"button\"><span class=\"jet-unfold__button-icon jet-tricks-icon\"><i aria-hidden=\"true\" class=\"fas fa-chevron-down\"><\/i><\/span><span class=\"jet-unfold__button-text\">Lire la suite<\/span><\/div>\t\t\t\t<\/div>\n\t\t\t<\/div>\n\t\t<\/div>\n\t\t\t\t<\/div>\n\t\t\t\t<\/div>\n\t\t\t\t<div class=\"elementor-element elementor-element-6c1807f elementor-cta--skin-cover elementor-animated-content elementor-bg-transform elementor-bg-transform-zoom-in elementor-widget elementor-widget-call-to-action\" data-id=\"6c1807f\" data-element_type=\"widget\" data-widget_type=\"call-to-action.default\">\n\t\t\t\t<div class=\"elementor-widget-container\">\n\t\t\t\t\t<a href=\"https:\/\/www.chocelise.be\/onze-producten\/\" class=\"elementor-cta\">\n\t\t\t\t\t<div class=\"elementor-cta__bg-wrapper\">\n\t\t\t\t<div class=\"elementor-cta__bg elementor-bg\" style=\"background-image: url(https:\/\/www.chocelise.be\/wp-content\/uploads\/2020\/09\/orangettes-670x335.jpg);\"><\/div>\n\t\t\t\t<div class=\"elementor-cta__bg-overlay\"><\/div>\n\t\t\t<\/div>\n\t\t\t\t\t\t\t<div class=\"elementor-cta__content\">\n\t\t\t\t\n\t\t\t\t\t\t\t\t\t<h2 class=\"elementor-cta__title elementor-cta__content-item elementor-content-item elementor-animated-item--grow\">\n\t\t\t\t\t\tVoir nos produits\t\t\t\t\t<\/h2>\n\t\t\t\t\n\t\t\t\t\n\t\t\t\t\t\t\t<\/div>\n\t\t\t\t\t\t<\/a>\n\t\t\t\t<\/div>\n\t\t\t\t<\/div>\n\t\t\t\t\t\t<\/div>\n\t\t\t\t\t<\/div>\n\t\t<\/div>\n\t\t\t\t\t\t\t\t<\/div>\n\t\t\t\t\t<\/div>\n\t\t<\/section>\n\t\t\t\t<div class=\"elementor-element elementor-element-a50a03f elementor-invisible elementor-widget elementor-widget-text-editor\" data-id=\"a50a03f\" data-element_type=\"widget\" data-settings=\"{&quot;_animation&quot;:&quot;fadeInUp&quot;}\" data-widget_type=\"text-editor.default\">\n\t\t\t\t<div class=\"elementor-widget-container\">\n\t\t\t\t\t\t\t\t<div class=\"elementor-text-editor elementor-clearfix\">\n\t\t\t\t\t\t\t\t\t<\/div>\n\t\t\t\t\t\t<\/div>\n\t\t\t\t<\/div>\n\t\t\t\t\t\t<\/div>\n\t\t\t\t\t<\/div>\n\t\t<\/div>\n\t\t\t\t\t\t\t\t<\/div>\n\t\t\t\t\t<\/div>\n\t\t<\/section>\n\t\t\t\t\t\t\t\t\t<\/div>\n\t\t\t<\/div>\n\t\t\t\t\t<\/div>\n\t\t","protected":false},"excerpt":{"rendered":"<p>D\u00e9couvrez notre boutique en ligne \u00ab Partager, c&#8217;est charmant \u00bb https:\/\/www.chocelise.be\/wp-content\/uploads\/2020\/09\/Animatie_Elise.mp4 &#8230;. Vous partagez &#8230;. Nous partageons &#8230;. avec la bo\u00eete de partage. Le principe est simple. Vous choisissez directement&#8230;<\/p>\n","protected":false},"author":8,"featured_media":0,"parent":0,"menu_order":0,"comment_status":"closed","ping_status":"closed","template":"","meta":{"footnotes":""},"class_list":["post-3989","page","type-page","status-publish"],"yoast_head":"<!-- This site is optimized with the Yoast SEO plugin v26.1.1 - https:\/\/yoast.com\/wordpress\/plugins\/seo\/ -->\n<title>boutique en ligne - Confiserie Elise<\/title>\n<meta name=\"robots\" content=\"index, follow, max-snippet:-1, max-image-preview:large, max-video-preview:-1\" \/>\n<link rel=\"canonical\" href=\"https:\/\/www.chocelise.be\/fr\/webshop\/\" \/>\n<meta property=\"og:locale\" content=\"fr_FR\" \/>\n<meta property=\"og:type\" content=\"article\" \/>\n<meta property=\"og:title\" content=\"boutique en ligne - Confiserie Elise\" \/>\n<meta property=\"og:description\" content=\"D\u00e9couvrez notre boutique en ligne \u00ab Partager, c&#8217;est charmant \u00bb https:\/\/www.chocelise.be\/wp-content\/uploads\/2020\/09\/Animatie_Elise.mp4 &#8230;. Vous partagez &#8230;. Nous partageons &#8230;. avec la bo\u00eete de partage. Le principe est simple. Vous choisissez directement...\" \/>\n<meta property=\"og:url\" content=\"https:\/\/www.chocelise.be\/fr\/webshop\/\" \/>\n<meta property=\"og:site_name\" content=\"Confiserie Elise\" \/>\n<meta property=\"article:publisher\" content=\"https:\/\/fr-fr.facebook.com\/Confiserie-elise-162127390633351\/\" \/>\n<meta property=\"article:modified_time\" content=\"2020-11-23T08:58:51+00:00\" \/>\n<meta property=\"og:image\" content=\"https:\/\/www.chocelise.be\/wp-content\/uploads\/2020\/10\/boxQR-1024x635.png\" \/>\n<meta name=\"twitter:card\" content=\"summary_large_image\" \/>\n<meta name=\"twitter:label1\" content=\"Dur\u00e9e de lecture estim\u00e9e\" \/>\n\t<meta name=\"twitter:data1\" content=\"1 minute\" \/>\n<script type=\"application\/ld+json\" class=\"yoast-schema-graph\">{\"@context\":\"https:\/\/schema.org\",\"@graph\":[{\"@type\":\"WebPage\",\"@id\":\"https:\/\/www.chocelise.be\/fr\/webshop\/\",\"url\":\"https:\/\/www.chocelise.be\/fr\/webshop\/\",\"name\":\"boutique en ligne - Confiserie Elise\",\"isPartOf\":{\"@id\":\"https:\/\/www.chocelise.be\/fr\/#website\"},\"primaryImageOfPage\":{\"@id\":\"https:\/\/www.chocelise.be\/fr\/webshop\/#primaryimage\"},\"image\":{\"@id\":\"https:\/\/www.chocelise.be\/fr\/webshop\/#primaryimage\"},\"thumbnailUrl\":\"https:\/\/www.chocelise.be\/wp-content\/uploads\/2020\/10\/boxQR-1024x635.png\",\"datePublished\":\"2020-10-04T10:18:38+00:00\",\"dateModified\":\"2020-11-23T08:58:51+00:00\",\"breadcrumb\":{\"@id\":\"https:\/\/www.chocelise.be\/fr\/webshop\/#breadcrumb\"},\"inLanguage\":\"fr-FR\",\"potentialAction\":[{\"@type\":\"ReadAction\",\"target\":[\"https:\/\/www.chocelise.be\/fr\/webshop\/\"]}]},{\"@type\":\"ImageObject\",\"inLanguage\":\"fr-FR\",\"@id\":\"https:\/\/www.chocelise.be\/fr\/webshop\/#primaryimage\",\"url\":\"https:\/\/www.chocelise.be\/wp-content\/uploads\/2020\/10\/boxQR-1024x635.png\",\"contentUrl\":\"https:\/\/www.chocelise.be\/wp-content\/uploads\/2020\/10\/boxQR-1024x635.png\"},{\"@type\":\"BreadcrumbList\",\"@id\":\"https:\/\/www.chocelise.be\/fr\/webshop\/#breadcrumb\",\"itemListElement\":[{\"@type\":\"ListItem\",\"position\":1,\"name\":\"Home\",\"item\":\"https:\/\/www.chocelise.be\/fr\/\"},{\"@type\":\"ListItem\",\"position\":2,\"name\":\"boutique en ligne\"}]},{\"@type\":\"WebSite\",\"@id\":\"https:\/\/www.chocelise.be\/fr\/#website\",\"url\":\"https:\/\/www.chocelise.be\/fr\/\",\"name\":\"Confiserie Elise\",\"description\":\"Charming Chocolates\",\"publisher\":{\"@id\":\"https:\/\/www.chocelise.be\/fr\/#organization\"},\"potentialAction\":[{\"@type\":\"SearchAction\",\"target\":{\"@type\":\"EntryPoint\",\"urlTemplate\":\"https:\/\/www.chocelise.be\/fr\/?s={search_term_string}\"},\"query-input\":{\"@type\":\"PropertyValueSpecification\",\"valueRequired\":true,\"valueName\":\"search_term_string\"}}],\"inLanguage\":\"fr-FR\"},{\"@type\":\"Organization\",\"@id\":\"https:\/\/www.chocelise.be\/fr\/#organization\",\"name\":\"Confiserie Elise\",\"url\":\"https:\/\/www.chocelise.be\/fr\/\",\"logo\":{\"@type\":\"ImageObject\",\"inLanguage\":\"fr-FR\",\"@id\":\"https:\/\/www.chocelise.be\/fr\/#\/schema\/logo\/image\/\",\"url\":\"https:\/\/www.chocelise.be\/wp-content\/uploads\/2017\/04\/logo-colour-01.svg\",\"contentUrl\":\"https:\/\/www.chocelise.be\/wp-content\/uploads\/2017\/04\/logo-colour-01.svg\",\"width\":149.3,\"height\":50,\"caption\":\"Confiserie Elise\"},\"image\":{\"@id\":\"https:\/\/www.chocelise.be\/fr\/#\/schema\/logo\/image\/\"},\"sameAs\":[\"https:\/\/fr-fr.facebook.com\/Confiserie-elise-162127390633351\/\",\"https:\/\/be.linkedin.com\/in\/yvesservotte\"]}]}<\/script>\n<!-- \/ Yoast SEO plugin. -->","yoast_head_json":{"title":"boutique en ligne - Confiserie Elise","robots":{"index":"index","follow":"follow","max-snippet":"max-snippet:-1","max-image-preview":"max-image-preview:large","max-video-preview":"max-video-preview:-1"},"canonical":"https:\/\/www.chocelise.be\/fr\/webshop\/","og_locale":"fr_FR","og_type":"article","og_title":"boutique en ligne - Confiserie Elise","og_description":"D\u00e9couvrez notre boutique en ligne \u00ab Partager, c&#8217;est charmant \u00bb https:\/\/www.chocelise.be\/wp-content\/uploads\/2020\/09\/Animatie_Elise.mp4 &#8230;. Vous partagez &#8230;. Nous partageons &#8230;. avec la bo\u00eete de partage. Le principe est simple. Vous choisissez directement...","og_url":"https:\/\/www.chocelise.be\/fr\/webshop\/","og_site_name":"Confiserie Elise","article_publisher":"https:\/\/fr-fr.facebook.com\/Confiserie-elise-162127390633351\/","article_modified_time":"2020-11-23T08:58:51+00:00","og_image":[{"url":"https:\/\/www.chocelise.be\/wp-content\/uploads\/2020\/10\/boxQR-1024x635.png","type":"","width":"","height":""}],"twitter_card":"summary_large_image","twitter_misc":{"Dur\u00e9e de lecture estim\u00e9e":"1 minute"},"schema":{"@context":"https:\/\/schema.org","@graph":[{"@type":"WebPage","@id":"https:\/\/www.chocelise.be\/fr\/webshop\/","url":"https:\/\/www.chocelise.be\/fr\/webshop\/","name":"boutique en ligne - Confiserie Elise","isPartOf":{"@id":"https:\/\/www.chocelise.be\/fr\/#website"},"primaryImageOfPage":{"@id":"https:\/\/www.chocelise.be\/fr\/webshop\/#primaryimage"},"image":{"@id":"https:\/\/www.chocelise.be\/fr\/webshop\/#primaryimage"},"thumbnailUrl":"https:\/\/www.chocelise.be\/wp-content\/uploads\/2020\/10\/boxQR-1024x635.png","datePublished":"2020-10-04T10:18:38+00:00","dateModified":"2020-11-23T08:58:51+00:00","breadcrumb":{"@id":"https:\/\/www.chocelise.be\/fr\/webshop\/#breadcrumb"},"inLanguage":"fr-FR","potentialAction":[{"@type":"ReadAction","target":["https:\/\/www.chocelise.be\/fr\/webshop\/"]}]},{"@type":"ImageObject","inLanguage":"fr-FR","@id":"https:\/\/www.chocelise.be\/fr\/webshop\/#primaryimage","url":"https:\/\/www.chocelise.be\/wp-content\/uploads\/2020\/10\/boxQR-1024x635.png","contentUrl":"https:\/\/www.chocelise.be\/wp-content\/uploads\/2020\/10\/boxQR-1024x635.png"},{"@type":"BreadcrumbList","@id":"https:\/\/www.chocelise.be\/fr\/webshop\/#breadcrumb","itemListElement":[{"@type":"ListItem","position":1,"name":"Home","item":"https:\/\/www.chocelise.be\/fr\/"},{"@type":"ListItem","position":2,"name":"boutique en ligne"}]},{"@type":"WebSite","@id":"https:\/\/www.chocelise.be\/fr\/#website","url":"https:\/\/www.chocelise.be\/fr\/","name":"Confiserie Elise","description":"Charming Chocolates","publisher":{"@id":"https:\/\/www.chocelise.be\/fr\/#organization"},"potentialAction":[{"@type":"SearchAction","target":{"@type":"EntryPoint","urlTemplate":"https:\/\/www.chocelise.be\/fr\/?s={search_term_string}"},"query-input":{"@type":"PropertyValueSpecification","valueRequired":true,"valueName":"search_term_string"}}],"inLanguage":"fr-FR"},{"@type":"Organization","@id":"https:\/\/www.chocelise.be\/fr\/#organization","name":"Confiserie Elise","url":"https:\/\/www.chocelise.be\/fr\/","logo":{"@type":"ImageObject","inLanguage":"fr-FR","@id":"https:\/\/www.chocelise.be\/fr\/#\/schema\/logo\/image\/","url":"https:\/\/www.chocelise.be\/wp-content\/uploads\/2017\/04\/logo-colour-01.svg","contentUrl":"https:\/\/www.chocelise.be\/wp-content\/uploads\/2017\/04\/logo-colour-01.svg","width":149.3,"height":50,"caption":"Confiserie Elise"},"image":{"@id":"https:\/\/www.chocelise.be\/fr\/#\/schema\/logo\/image\/"},"sameAs":["https:\/\/fr-fr.facebook.com\/Confiserie-elise-162127390633351\/","https:\/\/be.linkedin.com\/in\/yvesservotte"]}]}},"_links":{"self":[{"href":"https:\/\/www.chocelise.be\/fr\/wp-json\/wp\/v2\/pages\/3989","targetHints":{"allow":["GET"]}}],"collection":[{"href":"https:\/\/www.chocelise.be\/fr\/wp-json\/wp\/v2\/pages"}],"about":[{"href":"https:\/\/www.chocelise.be\/fr\/wp-json\/wp\/v2\/types\/page"}],"author":[{"embeddable":true,"href":"https:\/\/www.chocelise.be\/fr\/wp-json\/wp\/v2\/users\/8"}],"replies":[{"embeddable":true,"href":"https:\/\/www.chocelise.be\/fr\/wp-json\/wp\/v2\/comments?post=3989"}],"version-history":[{"count":5,"href":"https:\/\/www.chocelise.be\/fr\/wp-json\/wp\/v2\/pages\/3989\/revisions"}],"predecessor-version":[{"id":5909,"href":"https:\/\/www.chocelise.be\/fr\/wp-json\/wp\/v2\/pages\/3989\/revisions\/5909"}],"wp:attachment":[{"href":"https:\/\/www.chocelise.be\/fr\/wp-json\/wp\/v2\/media?parent=3989"}],"curies":[{"name":"wp","href":"https:\/\/api.w.org\/{rel}","templated":true}]}}