
{"id":5793,"date":"2021-01-08T14:46:59","date_gmt":"2021-01-08T12:46:59","guid":{"rendered":"https:\/\/www.chocelise.be\/product\/un-pour-moi-un-pour-toi-et-toi\/"},"modified":"2021-01-08T14:47:09","modified_gmt":"2021-01-08T12:47:09","slug":"le-choix-delise","status":"publish","type":"product","link":"https:\/\/www.chocelise.be\/fr\/product\/le-choix-delise\/","title":{"rendered":"Le Choix d&#8217;Elise"},"content":{"rendered":"<p>Une bo\u00eete contient 3 bo\u00eetes de pralines pr\u00e9emball\u00e9es de 375 gr. Faites votre choix parmi les diff\u00e9rentes options. Bien s\u00fbr, il peut aussi \u00eatre le m\u00eame 3 fois. Avec qui allez-vous les partager ? &#8230;ou les garder tous vous-m\u00eame&#8230; Tout est possible. Vous partagez&#8230; nous partageons avec Cocoa Horizons.<\/p>\n","protected":false},"excerpt":{"rendered":"<p>Une bo\u00eete contient 3 bo\u00eetes de pralines pr\u00e9emball\u00e9es de 375 gr. Faites votre choix parmi les diff\u00e9rentes options. Bien s\u00fbr, il peut aussi \u00eatre le m\u00eame 3 fois. Avec qui allez-vous les partager ? &#8230;ou les garder tous vous-m\u00eame&#8230; Tout est possible. Vous partagez&#8230; nous partageons avec Cocoa Horizons.<\/p>\n","protected":false},"featured_media":5640,"comment_status":"open","ping_status":"open","template":"","meta":[],"product_brand":[],"product_cat":[970],"product_tag":[],"class_list":{"0":"post-5793","1":"product","2":"type-product","3":"status-publish","4":"has-post-thumbnail","6":"product_cat-nos-specialites","8":"first","9":"outofstock","10":"taxable","11":"shipping-taxable","12":"product-type-variable"},"bundle_layout":"","bundle_add_to_cart_form_location":"","bundle_editable_in_cart":false,"bundle_sold_individually_context":"","bundle_item_grouping":"","bundle_min_size":"","bundle_max_size":"","bundled_by":[],"bundled_items":[],"yoast_head":"<!-- This site is optimized with the Yoast SEO plugin v26.1.1 - https:\/\/yoast.com\/wordpress\/plugins\/seo\/ -->\n<title>Le Choix d&#039;Elise - Confiserie Elise<\/title>\n<meta name=\"robots\" content=\"index, follow, max-snippet:-1, max-image-preview:large, max-video-preview:-1\" \/>\n<link rel=\"canonical\" href=\"https:\/\/www.chocelise.be\/fr\/product\/le-choix-delise\/\" \/>\n<meta property=\"og:locale\" content=\"fr_FR\" \/>\n<meta property=\"og:type\" content=\"article\" \/>\n<meta property=\"og:title\" content=\"Le Choix d&#039;Elise - Confiserie Elise\" \/>\n<meta property=\"og:description\" content=\"Une bo\u00eete contient 3 bo\u00eetes de pralines pr\u00e9emball\u00e9es de 375 gr. Faites votre choix parmi les diff\u00e9rentes options. Bien s\u00fbr, il peut aussi \u00eatre le m\u00eame 3 fois. Avec qui allez-vous les partager ? ...ou les garder tous vous-m\u00eame... Tout est possible. Vous partagez... nous partageons avec Cocoa Horizons.\" \/>\n<meta property=\"og:url\" content=\"https:\/\/www.chocelise.be\/fr\/product\/le-choix-delise\/\" \/>\n<meta property=\"og:site_name\" content=\"Confiserie Elise\" \/>\n<meta property=\"article:publisher\" content=\"https:\/\/fr-fr.facebook.com\/Confiserie-elise-162127390633351\/\" \/>\n<meta property=\"article:modified_time\" content=\"2021-01-08T12:47:09+00:00\" \/>\n<meta property=\"og:image\" content=\"https:\/\/www.chocelise.be\/wp-content\/uploads\/2020\/11\/ballogroup.jpg\" \/>\n\t<meta property=\"og:image:width\" content=\"1600\" \/>\n\t<meta property=\"og:image:height\" content=\"1200\" \/>\n\t<meta property=\"og:image:type\" content=\"image\/jpeg\" \/>\n<meta name=\"twitter:card\" content=\"summary_large_image\" \/>\n<script type=\"application\/ld+json\" class=\"yoast-schema-graph\">{\"@context\":\"https:\/\/schema.org\",\"@graph\":[{\"@type\":\"WebPage\",\"@id\":\"https:\/\/www.chocelise.be\/fr\/product\/le-choix-delise\/\",\"url\":\"https:\/\/www.chocelise.be\/fr\/product\/le-choix-delise\/\",\"name\":\"Le Choix d'Elise - Confiserie Elise\",\"isPartOf\":{\"@id\":\"https:\/\/www.chocelise.be\/fr\/#website\"},\"primaryImageOfPage\":{\"@id\":\"https:\/\/www.chocelise.be\/fr\/product\/le-choix-delise\/#primaryimage\"},\"image\":{\"@id\":\"https:\/\/www.chocelise.be\/fr\/product\/le-choix-delise\/#primaryimage\"},\"thumbnailUrl\":\"https:\/\/www.chocelise.be\/wp-content\/uploads\/2020\/11\/ballogroup.jpg\",\"datePublished\":\"2021-01-08T12:46:59+00:00\",\"dateModified\":\"2021-01-08T12:47:09+00:00\",\"breadcrumb\":{\"@id\":\"https:\/\/www.chocelise.be\/fr\/product\/le-choix-delise\/#breadcrumb\"},\"inLanguage\":\"fr-FR\",\"potentialAction\":[{\"@type\":\"ReadAction\",\"target\":[\"https:\/\/www.chocelise.be\/fr\/product\/le-choix-delise\/\"]}]},{\"@type\":\"ImageObject\",\"inLanguage\":\"fr-FR\",\"@id\":\"https:\/\/www.chocelise.be\/fr\/product\/le-choix-delise\/#primaryimage\",\"url\":\"https:\/\/www.chocelise.be\/wp-content\/uploads\/2020\/11\/ballogroup.jpg\",\"contentUrl\":\"https:\/\/www.chocelise.be\/wp-content\/uploads\/2020\/11\/ballogroup.jpg\",\"width\":1600,\"height\":1200},{\"@type\":\"BreadcrumbList\",\"@id\":\"https:\/\/www.chocelise.be\/fr\/product\/le-choix-delise\/#breadcrumb\",\"itemListElement\":[{\"@type\":\"ListItem\",\"position\":1,\"name\":\"Home\",\"item\":\"https:\/\/www.chocelise.be\/fr\/\"},{\"@type\":\"ListItem\",\"position\":2,\"name\":\"Nos produits\",\"item\":\"https:\/\/www.chocelise.be\/fr\/boutique\/\"},{\"@type\":\"ListItem\",\"position\":3,\"name\":\"Le Choix d&#8217;Elise\"}]},{\"@type\":\"WebSite\",\"@id\":\"https:\/\/www.chocelise.be\/fr\/#website\",\"url\":\"https:\/\/www.chocelise.be\/fr\/\",\"name\":\"Confiserie Elise\",\"description\":\"Charming Chocolates\",\"publisher\":{\"@id\":\"https:\/\/www.chocelise.be\/fr\/#organization\"},\"potentialAction\":[{\"@type\":\"SearchAction\",\"target\":{\"@type\":\"EntryPoint\",\"urlTemplate\":\"https:\/\/www.chocelise.be\/fr\/?s={search_term_string}\"},\"query-input\":{\"@type\":\"PropertyValueSpecification\",\"valueRequired\":true,\"valueName\":\"search_term_string\"}}],\"inLanguage\":\"fr-FR\"},{\"@type\":\"Organization\",\"@id\":\"https:\/\/www.chocelise.be\/fr\/#organization\",\"name\":\"Confiserie Elise\",\"url\":\"https:\/\/www.chocelise.be\/fr\/\",\"logo\":{\"@type\":\"ImageObject\",\"inLanguage\":\"fr-FR\",\"@id\":\"https:\/\/www.chocelise.be\/fr\/#\/schema\/logo\/image\/\",\"url\":\"https:\/\/www.chocelise.be\/wp-content\/uploads\/2017\/04\/logo-colour-01.svg\",\"contentUrl\":\"https:\/\/www.chocelise.be\/wp-content\/uploads\/2017\/04\/logo-colour-01.svg\",\"width\":149.3,\"height\":50,\"caption\":\"Confiserie Elise\"},\"image\":{\"@id\":\"https:\/\/www.chocelise.be\/fr\/#\/schema\/logo\/image\/\"},\"sameAs\":[\"https:\/\/fr-fr.facebook.com\/Confiserie-elise-162127390633351\/\",\"https:\/\/be.linkedin.com\/in\/yvesservotte\"]}]}<\/script>\n<!-- \/ Yoast SEO plugin. -->","yoast_head_json":{"title":"Le Choix d'Elise - Confiserie Elise","robots":{"index":"index","follow":"follow","max-snippet":"max-snippet:-1","max-image-preview":"max-image-preview:large","max-video-preview":"max-video-preview:-1"},"canonical":"https:\/\/www.chocelise.be\/fr\/product\/le-choix-delise\/","og_locale":"fr_FR","og_type":"article","og_title":"Le Choix d'Elise - Confiserie Elise","og_description":"Une bo\u00eete contient 3 bo\u00eetes de pralines pr\u00e9emball\u00e9es de 375 gr. Faites votre choix parmi les diff\u00e9rentes options. Bien s\u00fbr, il peut aussi \u00eatre le m\u00eame 3 fois. Avec qui allez-vous les partager ? ...ou les garder tous vous-m\u00eame... Tout est possible. Vous partagez... nous partageons avec Cocoa Horizons.","og_url":"https:\/\/www.chocelise.be\/fr\/product\/le-choix-delise\/","og_site_name":"Confiserie Elise","article_publisher":"https:\/\/fr-fr.facebook.com\/Confiserie-elise-162127390633351\/","article_modified_time":"2021-01-08T12:47:09+00:00","og_image":[{"width":1600,"height":1200,"url":"https:\/\/www.chocelise.be\/wp-content\/uploads\/2020\/11\/ballogroup.jpg","type":"image\/jpeg"}],"twitter_card":"summary_large_image","schema":{"@context":"https:\/\/schema.org","@graph":[{"@type":"WebPage","@id":"https:\/\/www.chocelise.be\/fr\/product\/le-choix-delise\/","url":"https:\/\/www.chocelise.be\/fr\/product\/le-choix-delise\/","name":"Le Choix d'Elise - Confiserie Elise","isPartOf":{"@id":"https:\/\/www.chocelise.be\/fr\/#website"},"primaryImageOfPage":{"@id":"https:\/\/www.chocelise.be\/fr\/product\/le-choix-delise\/#primaryimage"},"image":{"@id":"https:\/\/www.chocelise.be\/fr\/product\/le-choix-delise\/#primaryimage"},"thumbnailUrl":"https:\/\/www.chocelise.be\/wp-content\/uploads\/2020\/11\/ballogroup.jpg","datePublished":"2021-01-08T12:46:59+00:00","dateModified":"2021-01-08T12:47:09+00:00","breadcrumb":{"@id":"https:\/\/www.chocelise.be\/fr\/product\/le-choix-delise\/#breadcrumb"},"inLanguage":"fr-FR","potentialAction":[{"@type":"ReadAction","target":["https:\/\/www.chocelise.be\/fr\/product\/le-choix-delise\/"]}]},{"@type":"ImageObject","inLanguage":"fr-FR","@id":"https:\/\/www.chocelise.be\/fr\/product\/le-choix-delise\/#primaryimage","url":"https:\/\/www.chocelise.be\/wp-content\/uploads\/2020\/11\/ballogroup.jpg","contentUrl":"https:\/\/www.chocelise.be\/wp-content\/uploads\/2020\/11\/ballogroup.jpg","width":1600,"height":1200},{"@type":"BreadcrumbList","@id":"https:\/\/www.chocelise.be\/fr\/product\/le-choix-delise\/#breadcrumb","itemListElement":[{"@type":"ListItem","position":1,"name":"Home","item":"https:\/\/www.chocelise.be\/fr\/"},{"@type":"ListItem","position":2,"name":"Nos produits","item":"https:\/\/www.chocelise.be\/fr\/boutique\/"},{"@type":"ListItem","position":3,"name":"Le Choix d&#8217;Elise"}]},{"@type":"WebSite","@id":"https:\/\/www.chocelise.be\/fr\/#website","url":"https:\/\/www.chocelise.be\/fr\/","name":"Confiserie Elise","description":"Charming Chocolates","publisher":{"@id":"https:\/\/www.chocelise.be\/fr\/#organization"},"potentialAction":[{"@type":"SearchAction","target":{"@type":"EntryPoint","urlTemplate":"https:\/\/www.chocelise.be\/fr\/?s={search_term_string}"},"query-input":{"@type":"PropertyValueSpecification","valueRequired":true,"valueName":"search_term_string"}}],"inLanguage":"fr-FR"},{"@type":"Organization","@id":"https:\/\/www.chocelise.be\/fr\/#organization","name":"Confiserie Elise","url":"https:\/\/www.chocelise.be\/fr\/","logo":{"@type":"ImageObject","inLanguage":"fr-FR","@id":"https:\/\/www.chocelise.be\/fr\/#\/schema\/logo\/image\/","url":"https:\/\/www.chocelise.be\/wp-content\/uploads\/2017\/04\/logo-colour-01.svg","contentUrl":"https:\/\/www.chocelise.be\/wp-content\/uploads\/2017\/04\/logo-colour-01.svg","width":149.3,"height":50,"caption":"Confiserie Elise"},"image":{"@id":"https:\/\/www.chocelise.be\/fr\/#\/schema\/logo\/image\/"},"sameAs":["https:\/\/fr-fr.facebook.com\/Confiserie-elise-162127390633351\/","https:\/\/be.linkedin.com\/in\/yvesservotte"]}]}},"_links":{"self":[{"href":"https:\/\/www.chocelise.be\/fr\/wp-json\/wp\/v2\/product\/5793","targetHints":{"allow":["GET"]}}],"collection":[{"href":"https:\/\/www.chocelise.be\/fr\/wp-json\/wp\/v2\/product"}],"about":[{"href":"https:\/\/www.chocelise.be\/fr\/wp-json\/wp\/v2\/types\/product"}],"replies":[{"embeddable":true,"href":"https:\/\/www.chocelise.be\/fr\/wp-json\/wp\/v2\/comments?post=5793"}],"version-history":[{"count":3,"href":"https:\/\/www.chocelise.be\/fr\/wp-json\/wp\/v2\/product\/5793\/revisions"}],"predecessor-version":[{"id":5926,"href":"https:\/\/www.chocelise.be\/fr\/wp-json\/wp\/v2\/product\/5793\/revisions\/5926"}],"wp:featuredmedia":[{"embeddable":true,"href":"https:\/\/www.chocelise.be\/fr\/wp-json\/wp\/v2\/media\/5640"}],"wp:attachment":[{"href":"https:\/\/www.chocelise.be\/fr\/wp-json\/wp\/v2\/media?parent=5793"}],"wp:term":[{"taxonomy":"product_brand","embeddable":true,"href":"https:\/\/www.chocelise.be\/fr\/wp-json\/wp\/v2\/product_brand?post=5793"},{"taxonomy":"product_cat","embeddable":true,"href":"https:\/\/www.chocelise.be\/fr\/wp-json\/wp\/v2\/product_cat?post=5793"},{"taxonomy":"product_tag","embeddable":true,"href":"https:\/\/www.chocelise.be\/fr\/wp-json\/wp\/v2\/product_tag?post=5793"}],"curies":[{"name":"wp","href":"https:\/\/api.w.org\/{rel}","templated":true}]}}