
{"id":6031,"date":"2020-12-04T15:55:18","date_gmt":"2020-12-04T13:55:18","guid":{"rendered":"https:\/\/www.chocelise.be\/product\/sweet-hearts-375gr\/"},"modified":"2022-12-06T10:47:41","modified_gmt":"2022-12-06T08:47:41","slug":"sweet-hearts-350gr","status":"publish","type":"product","link":"https:\/\/www.chocelise.be\/fr\/product\/sweet-hearts-350gr\/","title":{"rendered":"Coeurs doux 350gr"},"content":{"rendered":"","protected":false},"excerpt":{"rendered":"<p>Un m\u00e9lange de 4 coeurs remplis envelopp\u00e9s dans une feuille d&#8217;aluminium. Pralin\u00e9 au lait \/ Pistache blanche \/ Framboise noire et caramel noir<\/p>\n","protected":false},"featured_media":5973,"comment_status":"closed","ping_status":"closed","template":"","meta":[],"product_brand":[],"product_cat":[1178],"product_tag":[],"class_list":{"0":"post-6031","1":"product","2":"type-product","3":"status-publish","4":"has-post-thumbnail","6":"product_cat-elises-keuze-fr","8":"first","9":"instock","10":"taxable","11":"shipping-taxable","12":"purchasable","13":"product-type-simple"},"bundle_layout":"","bundle_add_to_cart_form_location":"","bundle_editable_in_cart":false,"bundle_sold_individually_context":"","bundle_item_grouping":"","bundle_min_size":"","bundle_max_size":"","bundled_by":["6024"],"bundled_items":[],"yoast_head":"<!-- This site is optimized with the Yoast SEO plugin v26.1.1 - https:\/\/yoast.com\/wordpress\/plugins\/seo\/ -->\n<title>Coeurs doux 350gr - Confiserie Elise<\/title>\n<meta name=\"robots\" content=\"index, follow, max-snippet:-1, max-image-preview:large, max-video-preview:-1\" \/>\n<link rel=\"canonical\" href=\"https:\/\/www.chocelise.be\/fr\/product\/sweet-hearts-350gr\/\" \/>\n<meta property=\"og:locale\" content=\"fr_FR\" \/>\n<meta property=\"og:type\" content=\"article\" \/>\n<meta property=\"og:title\" content=\"Coeurs doux 350gr - Confiserie Elise\" \/>\n<meta property=\"og:description\" content=\"Un m\u00e9lange de 4 coeurs remplis envelopp\u00e9s dans une feuille d&#039;aluminium. Pralin\u00e9 au lait \/ Pistache blanche \/ Framboise noire et caramel noir\" \/>\n<meta property=\"og:url\" content=\"https:\/\/www.chocelise.be\/fr\/product\/sweet-hearts-350gr\/\" \/>\n<meta property=\"og:site_name\" content=\"Confiserie Elise\" \/>\n<meta property=\"article:publisher\" content=\"https:\/\/fr-fr.facebook.com\/Confiserie-elise-162127390633351\/\" \/>\n<meta property=\"article:modified_time\" content=\"2022-12-06T08:47:41+00:00\" \/>\n<meta property=\"og:image\" content=\"https:\/\/www.chocelise.be\/wp-content\/uploads\/2020\/12\/doosjes-hartjes.jpg\" \/>\n\t<meta property=\"og:image:width\" content=\"1500\" \/>\n\t<meta property=\"og:image:height\" content=\"890\" \/>\n\t<meta property=\"og:image:type\" content=\"image\/jpeg\" \/>\n<meta name=\"twitter:card\" content=\"summary_large_image\" \/>\n<script type=\"application\/ld+json\" class=\"yoast-schema-graph\">{\"@context\":\"https:\/\/schema.org\",\"@graph\":[{\"@type\":\"WebPage\",\"@id\":\"https:\/\/www.chocelise.be\/fr\/product\/sweet-hearts-350gr\/\",\"url\":\"https:\/\/www.chocelise.be\/fr\/product\/sweet-hearts-350gr\/\",\"name\":\"Coeurs doux 350gr - Confiserie Elise\",\"isPartOf\":{\"@id\":\"https:\/\/www.chocelise.be\/fr\/#website\"},\"primaryImageOfPage\":{\"@id\":\"https:\/\/www.chocelise.be\/fr\/product\/sweet-hearts-350gr\/#primaryimage\"},\"image\":{\"@id\":\"https:\/\/www.chocelise.be\/fr\/product\/sweet-hearts-350gr\/#primaryimage\"},\"thumbnailUrl\":\"https:\/\/www.chocelise.be\/wp-content\/uploads\/2020\/12\/doosjes-hartjes.jpg\",\"datePublished\":\"2020-12-04T13:55:18+00:00\",\"dateModified\":\"2022-12-06T08:47:41+00:00\",\"breadcrumb\":{\"@id\":\"https:\/\/www.chocelise.be\/fr\/product\/sweet-hearts-350gr\/#breadcrumb\"},\"inLanguage\":\"fr-FR\",\"potentialAction\":[{\"@type\":\"ReadAction\",\"target\":[\"https:\/\/www.chocelise.be\/fr\/product\/sweet-hearts-350gr\/\"]}]},{\"@type\":\"ImageObject\",\"inLanguage\":\"fr-FR\",\"@id\":\"https:\/\/www.chocelise.be\/fr\/product\/sweet-hearts-350gr\/#primaryimage\",\"url\":\"https:\/\/www.chocelise.be\/wp-content\/uploads\/2020\/12\/doosjes-hartjes.jpg\",\"contentUrl\":\"https:\/\/www.chocelise.be\/wp-content\/uploads\/2020\/12\/doosjes-hartjes.jpg\",\"width\":1500,\"height\":890},{\"@type\":\"BreadcrumbList\",\"@id\":\"https:\/\/www.chocelise.be\/fr\/product\/sweet-hearts-350gr\/#breadcrumb\",\"itemListElement\":[{\"@type\":\"ListItem\",\"position\":1,\"name\":\"Home\",\"item\":\"https:\/\/www.chocelise.be\/fr\/\"},{\"@type\":\"ListItem\",\"position\":2,\"name\":\"Nos produits\",\"item\":\"https:\/\/www.chocelise.be\/fr\/boutique\/\"},{\"@type\":\"ListItem\",\"position\":3,\"name\":\"Coeurs doux 350gr\"}]},{\"@type\":\"WebSite\",\"@id\":\"https:\/\/www.chocelise.be\/fr\/#website\",\"url\":\"https:\/\/www.chocelise.be\/fr\/\",\"name\":\"Confiserie Elise\",\"description\":\"Charming Chocolates\",\"publisher\":{\"@id\":\"https:\/\/www.chocelise.be\/fr\/#organization\"},\"potentialAction\":[{\"@type\":\"SearchAction\",\"target\":{\"@type\":\"EntryPoint\",\"urlTemplate\":\"https:\/\/www.chocelise.be\/fr\/?s={search_term_string}\"},\"query-input\":{\"@type\":\"PropertyValueSpecification\",\"valueRequired\":true,\"valueName\":\"search_term_string\"}}],\"inLanguage\":\"fr-FR\"},{\"@type\":\"Organization\",\"@id\":\"https:\/\/www.chocelise.be\/fr\/#organization\",\"name\":\"Confiserie Elise\",\"url\":\"https:\/\/www.chocelise.be\/fr\/\",\"logo\":{\"@type\":\"ImageObject\",\"inLanguage\":\"fr-FR\",\"@id\":\"https:\/\/www.chocelise.be\/fr\/#\/schema\/logo\/image\/\",\"url\":\"https:\/\/www.chocelise.be\/wp-content\/uploads\/2017\/04\/logo-colour-01.svg\",\"contentUrl\":\"https:\/\/www.chocelise.be\/wp-content\/uploads\/2017\/04\/logo-colour-01.svg\",\"width\":149.3,\"height\":50,\"caption\":\"Confiserie Elise\"},\"image\":{\"@id\":\"https:\/\/www.chocelise.be\/fr\/#\/schema\/logo\/image\/\"},\"sameAs\":[\"https:\/\/fr-fr.facebook.com\/Confiserie-elise-162127390633351\/\",\"https:\/\/be.linkedin.com\/in\/yvesservotte\"]}]}<\/script>\n<!-- \/ Yoast SEO plugin. -->","yoast_head_json":{"title":"Coeurs doux 350gr - Confiserie Elise","robots":{"index":"index","follow":"follow","max-snippet":"max-snippet:-1","max-image-preview":"max-image-preview:large","max-video-preview":"max-video-preview:-1"},"canonical":"https:\/\/www.chocelise.be\/fr\/product\/sweet-hearts-350gr\/","og_locale":"fr_FR","og_type":"article","og_title":"Coeurs doux 350gr - Confiserie Elise","og_description":"Un m\u00e9lange de 4 coeurs remplis envelopp\u00e9s dans une feuille d'aluminium. Pralin\u00e9 au lait \/ Pistache blanche \/ Framboise noire et caramel noir","og_url":"https:\/\/www.chocelise.be\/fr\/product\/sweet-hearts-350gr\/","og_site_name":"Confiserie Elise","article_publisher":"https:\/\/fr-fr.facebook.com\/Confiserie-elise-162127390633351\/","article_modified_time":"2022-12-06T08:47:41+00:00","og_image":[{"width":1500,"height":890,"url":"https:\/\/www.chocelise.be\/wp-content\/uploads\/2020\/12\/doosjes-hartjes.jpg","type":"image\/jpeg"}],"twitter_card":"summary_large_image","schema":{"@context":"https:\/\/schema.org","@graph":[{"@type":"WebPage","@id":"https:\/\/www.chocelise.be\/fr\/product\/sweet-hearts-350gr\/","url":"https:\/\/www.chocelise.be\/fr\/product\/sweet-hearts-350gr\/","name":"Coeurs doux 350gr - Confiserie Elise","isPartOf":{"@id":"https:\/\/www.chocelise.be\/fr\/#website"},"primaryImageOfPage":{"@id":"https:\/\/www.chocelise.be\/fr\/product\/sweet-hearts-350gr\/#primaryimage"},"image":{"@id":"https:\/\/www.chocelise.be\/fr\/product\/sweet-hearts-350gr\/#primaryimage"},"thumbnailUrl":"https:\/\/www.chocelise.be\/wp-content\/uploads\/2020\/12\/doosjes-hartjes.jpg","datePublished":"2020-12-04T13:55:18+00:00","dateModified":"2022-12-06T08:47:41+00:00","breadcrumb":{"@id":"https:\/\/www.chocelise.be\/fr\/product\/sweet-hearts-350gr\/#breadcrumb"},"inLanguage":"fr-FR","potentialAction":[{"@type":"ReadAction","target":["https:\/\/www.chocelise.be\/fr\/product\/sweet-hearts-350gr\/"]}]},{"@type":"ImageObject","inLanguage":"fr-FR","@id":"https:\/\/www.chocelise.be\/fr\/product\/sweet-hearts-350gr\/#primaryimage","url":"https:\/\/www.chocelise.be\/wp-content\/uploads\/2020\/12\/doosjes-hartjes.jpg","contentUrl":"https:\/\/www.chocelise.be\/wp-content\/uploads\/2020\/12\/doosjes-hartjes.jpg","width":1500,"height":890},{"@type":"BreadcrumbList","@id":"https:\/\/www.chocelise.be\/fr\/product\/sweet-hearts-350gr\/#breadcrumb","itemListElement":[{"@type":"ListItem","position":1,"name":"Home","item":"https:\/\/www.chocelise.be\/fr\/"},{"@type":"ListItem","position":2,"name":"Nos produits","item":"https:\/\/www.chocelise.be\/fr\/boutique\/"},{"@type":"ListItem","position":3,"name":"Coeurs doux 350gr"}]},{"@type":"WebSite","@id":"https:\/\/www.chocelise.be\/fr\/#website","url":"https:\/\/www.chocelise.be\/fr\/","name":"Confiserie Elise","description":"Charming Chocolates","publisher":{"@id":"https:\/\/www.chocelise.be\/fr\/#organization"},"potentialAction":[{"@type":"SearchAction","target":{"@type":"EntryPoint","urlTemplate":"https:\/\/www.chocelise.be\/fr\/?s={search_term_string}"},"query-input":{"@type":"PropertyValueSpecification","valueRequired":true,"valueName":"search_term_string"}}],"inLanguage":"fr-FR"},{"@type":"Organization","@id":"https:\/\/www.chocelise.be\/fr\/#organization","name":"Confiserie Elise","url":"https:\/\/www.chocelise.be\/fr\/","logo":{"@type":"ImageObject","inLanguage":"fr-FR","@id":"https:\/\/www.chocelise.be\/fr\/#\/schema\/logo\/image\/","url":"https:\/\/www.chocelise.be\/wp-content\/uploads\/2017\/04\/logo-colour-01.svg","contentUrl":"https:\/\/www.chocelise.be\/wp-content\/uploads\/2017\/04\/logo-colour-01.svg","width":149.3,"height":50,"caption":"Confiserie Elise"},"image":{"@id":"https:\/\/www.chocelise.be\/fr\/#\/schema\/logo\/image\/"},"sameAs":["https:\/\/fr-fr.facebook.com\/Confiserie-elise-162127390633351\/","https:\/\/be.linkedin.com\/in\/yvesservotte"]}]}},"_links":{"self":[{"href":"https:\/\/www.chocelise.be\/fr\/wp-json\/wp\/v2\/product\/6031","targetHints":{"allow":["GET"]}}],"collection":[{"href":"https:\/\/www.chocelise.be\/fr\/wp-json\/wp\/v2\/product"}],"about":[{"href":"https:\/\/www.chocelise.be\/fr\/wp-json\/wp\/v2\/types\/product"}],"replies":[{"embeddable":true,"href":"https:\/\/www.chocelise.be\/fr\/wp-json\/wp\/v2\/comments?post=6031"}],"version-history":[{"count":4,"href":"https:\/\/www.chocelise.be\/fr\/wp-json\/wp\/v2\/product\/6031\/revisions"}],"predecessor-version":[{"id":6793,"href":"https:\/\/www.chocelise.be\/fr\/wp-json\/wp\/v2\/product\/6031\/revisions\/6793"}],"wp:featuredmedia":[{"embeddable":true,"href":"https:\/\/www.chocelise.be\/fr\/wp-json\/wp\/v2\/media\/5973"}],"wp:attachment":[{"href":"https:\/\/www.chocelise.be\/fr\/wp-json\/wp\/v2\/media?parent=6031"}],"wp:term":[{"taxonomy":"product_brand","embeddable":true,"href":"https:\/\/www.chocelise.be\/fr\/wp-json\/wp\/v2\/product_brand?post=6031"},{"taxonomy":"product_cat","embeddable":true,"href":"https:\/\/www.chocelise.be\/fr\/wp-json\/wp\/v2\/product_cat?post=6031"},{"taxonomy":"product_tag","embeddable":true,"href":"https:\/\/www.chocelise.be\/fr\/wp-json\/wp\/v2\/product_tag?post=6031"}],"curies":[{"name":"wp","href":"https:\/\/api.w.org\/{rel}","templated":true}]}}